{"id":321,"date":"2018-12-04T06:27:49","date_gmt":"2018-12-04T06:27:49","guid":{"rendered":"https:\/\/demo.budflare.com\/stylish\/?page_id=16"},"modified":"2021-08-21T16:17:42","modified_gmt":"2021-08-21T16:17:42","slug":"contact","status":"publish","type":"page","link":"https:\/\/www.intilibperu.net.pe\/DESARROLLO02\/contact\/","title":{"rendered":"Contacto"},"content":{"rendered":"\t\t<div data-elementor-type=\"wp-post\" data-elementor-id=\"321\" class=\"elementor elementor-321\">\n\t\t\t\t\t\t<section class=\"elementor-section elementor-top-section elementor-element elementor-element-610a7f23 elementor-section-boxed elementor-section-height-default elementor-section-height-default\" data-id=\"610a7f23\" data-element_type=\"section\" data-settings=\"{&quot;background_background&quot;:&quot;classic&quot;}\">\n\t\t\t\t\t\t<div class=\"elementor-container elementor-column-gap-default\">\n\t\t\t\t\t<div class=\"elementor-column elementor-col-33 elementor-top-column elementor-element elementor-element-4021f5c5\" data-id=\"4021f5c5\" data-element_type=\"column\">\n\t\t\t<div class=\"elementor-widget-wrap elementor-element-populated\">\n\t\t\t\t\t\t<div class=\"elementor-element elementor-element-375df3c9 elementor-position-left elementor-view-default elementor-mobile-position-top elementor-vertical-align-top elementor-widget elementor-widget-icon-box\" data-id=\"375df3c9\" data-element_type=\"widget\" data-widget_type=\"icon-box.default\">\n\t\t\t\t<div class=\"elementor-widget-container\">\n\t\t\t\t\t\t\t<div class=\"elementor-icon-box-wrapper\">\n\n\t\t\t\t\t\t<div class=\"elementor-icon-box-icon\">\n\t\t\t\t<span  class=\"elementor-icon\">\n\t\t\t\t<i aria-hidden=\"true\" class=\"fas fa-truck\"><\/i>\t\t\t\t<\/span>\n\t\t\t<\/div>\n\t\t\t\n\t\t\t\t\t\t<div class=\"elementor-icon-box-content\">\n\n\t\t\t\t\t\t\t\t\t<h3 class=\"elementor-icon-box-title\">\n\t\t\t\t\t\t<span  >\n\t\t\t\t\t\t\tDespachos\t\t\t\t\t\t<\/span>\n\t\t\t\t\t<\/h3>\n\t\t\t\t\n\t\t\t\t\t\t\t\t\t<p class=\"elementor-icon-box-description\">\n\t\t\t\t\t\tTRANSPORTE GRATUITO  A SUS ALMACENES, nuestras rutas de reparto inteligente dentro de Lima Metropolitana y el Callao, nos permite que la distribuci\u00f3n de nuestros Productos , se realicen ordenadamente seg\u00fan sus ordenes de pedido logrando que estos llegue en el plazo estimado seg\u00fan lo coordinado, para la satisfacci\u00f3n del nuestros clientes.\t\t\t\t\t<\/p>\n\t\t\t\t\n\t\t\t<\/div>\n\t\t\t\n\t\t<\/div>\n\t\t\t\t\t\t<\/div>\n\t\t\t\t<\/div>\n\t\t\t\t<div class=\"elementor-element elementor-element-426d6bf elementor-widget elementor-widget-heading\" data-id=\"426d6bf\" data-element_type=\"widget\" data-widget_type=\"heading.default\">\n\t\t\t\t<div class=\"elementor-widget-container\">\n\t\t\t\t\t<h2 class=\"elementor-heading-title elementor-size-default\">Algunos de Nuestros Valores<\/h2>\t\t\t\t<\/div>\n\t\t\t\t<\/div>\n\t\t\t\t<div class=\"elementor-element elementor-element-269480f elementor-widget elementor-widget-text-editor\" data-id=\"269480f\" data-element_type=\"widget\" data-widget_type=\"text-editor.default\">\n\t\t\t\t<div class=\"elementor-widget-container\">\n\t\t\t\t\t\t\t\t\t<ul><li style=\"text-align: left;\">\u00bb Orientaci\u00f3n al Cliente<\/li><li style=\"text-align: left;\">\u00bb Compromiso<\/li><li style=\"text-align: left;\">\u00bb Trabajo en Equipo<\/li><li style=\"text-align: left;\">\u00bb Flexibilidad<\/li><li style=\"text-align: left;\">\u00bb Innovaci\u00f3n<\/li><li style=\"text-align: left;\">\u00bb \u00c9tica<\/li><\/ul>\t\t\t\t\t\t\t\t<\/div>\n\t\t\t\t<\/div>\n\t\t\t\t\t<\/div>\n\t\t<\/div>\n\t\t\t\t<div class=\"elementor-column elementor-col-33 elementor-top-column elementor-element elementor-element-623564aa\" data-id=\"623564aa\" data-element_type=\"column\">\n\t\t\t<div class=\"elementor-widget-wrap elementor-element-populated\">\n\t\t\t\t\t\t<div class=\"elementor-element elementor-element-2d57482b elementor-position-left elementor-view-default elementor-mobile-position-top elementor-vertical-align-top elementor-widget elementor-widget-icon-box\" data-id=\"2d57482b\" data-element_type=\"widget\" data-widget_type=\"icon-box.default\">\n\t\t\t\t<div class=\"elementor-widget-container\">\n\t\t\t\t\t\t\t<div class=\"elementor-icon-box-wrapper\">\n\n\t\t\t\t\t\t<div class=\"elementor-icon-box-icon\">\n\t\t\t\t<span  class=\"elementor-icon\">\n\t\t\t\t<i aria-hidden=\"true\" class=\"fas fa-user-friends\"><\/i>\t\t\t\t<\/span>\n\t\t\t<\/div>\n\t\t\t\n\t\t\t\t\t\t<div class=\"elementor-icon-box-content\">\n\n\t\t\t\t\t\t\t\t\t<h3 class=\"elementor-icon-box-title\">\n\t\t\t\t\t\t<span  >\n\t\t\t\t\t\t\tNosotros\t\t\t\t\t\t<\/span>\n\t\t\t\t\t<\/h3>\n\t\t\t\t\n\t\t\t\t\t\t\t\t\t<p class=\"elementor-icon-box-description\">\n\t\t\t\t\t\tSomos una empresa dedicada a  la venta de productos en ACERO INOXIDABLE Y ACERO AL CARBONO   para los diferentes rubros como  la Miner\u00eda,  Petroleras,  Petroqu\u00edmica,  Industria Alimentaria , Industrias del papel , Textiles, Pesqueras,  Agroindustrias,  Metalmec\u00e1nicas  etc.\nNuestros Productos cumplen con las certificaciones internacionales (UKAS; CE; UL; ISO 9001) .Adem\u00e1s de contar con Nuestro taller para la fabricaci\u00f3n de algunos productos con especificaciones especiales o normativas europeas no comerciales en nuestro pa\u00eds..Con nuestra experiencia y personal acreditado esperamos satisfacer sus m\u00e1s estrictos requerimientos.\nAgradecemos por anticipado su preferencia.\nEsperamos que muy pronto podamos atenderlos.\n\t\t\t\t\t<\/p>\n\t\t\t\t\n\t\t\t<\/div>\n\t\t\t\n\t\t<\/div>\n\t\t\t\t\t\t<\/div>\n\t\t\t\t<\/div>\n\t\t\t\t\t<\/div>\n\t\t<\/div>\n\t\t\t\t<div class=\"elementor-column elementor-col-33 elementor-top-column elementor-element elementor-element-10fb6f5f\" data-id=\"10fb6f5f\" data-element_type=\"column\">\n\t\t\t<div class=\"elementor-widget-wrap elementor-element-populated\">\n\t\t\t\t\t\t<div class=\"elementor-element elementor-element-3fabc56f elementor-position-left elementor-view-default elementor-mobile-position-top elementor-vertical-align-top elementor-widget elementor-widget-icon-box\" data-id=\"3fabc56f\" data-element_type=\"widget\" data-widget_type=\"icon-box.default\">\n\t\t\t\t<div class=\"elementor-widget-container\">\n\t\t\t\t\t\t\t<div class=\"elementor-icon-box-wrapper\">\n\n\t\t\t\t\t\t<div class=\"elementor-icon-box-icon\">\n\t\t\t\t<span  class=\"elementor-icon\">\n\t\t\t\t<i aria-hidden=\"true\" class=\"fab fa-monero\"><\/i>\t\t\t\t<\/span>\n\t\t\t<\/div>\n\t\t\t\n\t\t\t\t\t\t<div class=\"elementor-icon-box-content\">\n\n\t\t\t\t\t\t\t\t\t<h3 class=\"elementor-icon-box-title\">\n\t\t\t\t\t\t<span  >\n\t\t\t\t\t\t\tMision\t\t\t\t\t\t<\/span>\n\t\t\t\t\t<\/h3>\n\t\t\t\t\n\t\t\t\t\t\t\t\t\t<p class=\"elementor-icon-box-description\">\n\t\t\t\t\t\tContamos con m\u00e1s de 10 a\u00f1os de experiencia como proveedores y socios estrat\u00e9gicos de la Industria Nacional .Con el respaldo otorgada por las certificaciones de nuestros proveedores Internacionales (USA, Korea, Italia, Taiw\u00e1n, y China)\nNuestra Misi\u00f3n es proporcionar a nuestros clientes. Productos de calidad a buenos precios con la atenci\u00f3n oportuna tomando como base la puntualidad en la entrega (est\u00e1 en el menor tiempo posible).\nY de esta manera participar en la creaci\u00f3n de confianza y seguridad en la elaboraci\u00f3n de nuevos proyectos industriales en los diferentes sectores de la Industria Nacional.\nNuestro inter\u00e9s su satisfacci\u00f3n y seguridad en la entrega de sus proyectos.\n\t\t\t\t\t<\/p>\n\t\t\t\t\n\t\t\t<\/div>\n\t\t\t\n\t\t<\/div>\n\t\t\t\t\t\t<\/div>\n\t\t\t\t<\/div>\n\t\t\t\t\t<\/div>\n\t\t<\/div>\n\t\t\t\t\t<\/div>\n\t\t<\/section>\n\t\t\t\t<section class=\"elementor-section elementor-top-section elementor-element elementor-element-569b806 elementor-section-boxed elementor-section-height-default elementor-section-height-default\" data-id=\"569b806\" data-element_type=\"section\" data-settings=\"{&quot;background_background&quot;:&quot;classic&quot;}\">\n\t\t\t\t\t\t<div class=\"elementor-container elementor-column-gap-default\">\n\t\t\t\t\t<div class=\"elementor-column elementor-col-50 elementor-top-column elementor-element elementor-element-6e88c1d\" data-id=\"6e88c1d\" data-element_type=\"column\">\n\t\t\t<div class=\"elementor-widget-wrap elementor-element-populated\">\n\t\t\t\t\t\t<div class=\"elementor-element elementor-element-6d421e5 elementor-widget elementor-widget-wp-widget-ocean_contact_info\" data-id=\"6d421e5\" data-element_type=\"widget\" data-widget_type=\"wp-widget-ocean_contact_info.default\">\n\t\t\t\t<div class=\"elementor-widget-container\">\n\t\t\t\t\t<ul class=\"contact-info-widget default\"><li class=\"text\">LINEAS ABAJO  LES INFORMAMOS NUESTRA INFORMACION DE CONTACTO <\/li><li class=\"address\"><i class=\"icon-link\" aria-hidden=\"true\"><\/i><div class=\"oceanwp-info-wrap\"><span class=\"oceanwp-contact-title\">Redes Sociales<\/span><a href=\"https:\/\/www.facebook.com\/Intilib-Per%C3%BA-SAC-Aceros-Inoxidables-2176755272390606\/\" target=\"_self\" ><span class=\"oceanwp-contact-text\">Facebook<\/span><\/a><\/div><\/li><li class=\"phone\"><i class=\"icon-phone\" aria-hidden=\"true\"><\/i><div class=\"oceanwp-info-wrap\"><span class=\"oceanwp-contact-title\">Telefono - Directo<\/span><span class=\"oceanwp-contact-text\">51 - 1 - 388 - 8823<\/span><\/div><\/li><li class=\"mobile\"><i class=\"icon-screen-smartphone\" aria-hidden=\"true\"><\/i><div class=\"oceanwp-info-wrap\"><span class=\"oceanwp-contact-title\">Celular<\/span><span class=\"oceanwp-contact-text\">51 - 998-139-703<\/span><\/div><\/li><li class=\"fax\"><i class=\"icon-screen-smartphone\" aria-hidden=\"true\"><\/i><div class=\"oceanwp-info-wrap\"><span class=\"oceanwp-contact-title\">Celular<\/span><span class=\"oceanwp-contact-text\">51 - 902-137-404<\/span><\/div><\/li><li class=\"email\"><i class=\"icon-envelope\" aria-hidden=\"true\"><\/i><div class=\"oceanwp-info-wrap\"><span class=\"oceanwp-contact-title\">Correo Electronico <\/span><span class=\"oceanwp-contact-text\"><a href=\"mailto:&#099;&#111;&#110;t&#097;&#099;&#116;&#064;&#115;u&#112;p&#111;rt.&#099;o&#109;\">ventas@intilibperu.net.pe<\/a><span class=\"screen-reader-text\">Se abre en tu aplicaci\u00f3n<\/span><\/span><\/div><\/li><li class=\"web\"><i class=\"icon-link\" aria-hidden=\"true\"><\/i><div class=\"oceanwp-info-wrap\"><span class=\"oceanwp-contact-title\">Website:<\/span><span class=\"oceanwp-contact-text\"><a href=\"https:\/\/www.intilibperu.net.pe\/\" target=\"_self\" >https:\/\/www.intilibperu.net.pe<\/a><\/span><\/div><\/li><\/ul>\t\t\t\t<\/div>\n\t\t\t\t<\/div>\n\t\t\t\t\t<\/div>\n\t\t<\/div>\n\t\t\t\t<div class=\"elementor-column elementor-col-50 elementor-top-column elementor-element elementor-element-d424c80\" data-id=\"d424c80\" data-element_type=\"column\">\n\t\t\t<div class=\"elementor-widget-wrap elementor-element-populated\">\n\t\t\t\t\t\t<div class=\"elementor-element elementor-element-0ced5f6 elementor-widget elementor-widget-heading\" data-id=\"0ced5f6\" data-element_type=\"widget\" data-widget_type=\"heading.default\">\n\t\t\t\t<div class=\"elementor-widget-container\">\n\t\t\t\t\t<h2 class=\"elementor-heading-title elementor-size-default\">ALGUNOS DE NUESTROS DESPACHOS<\/h2>\t\t\t\t<\/div>\n\t\t\t\t<\/div>\n\t\t\t\t<div class=\"elementor-element elementor-element-b59a3d2 elementor-arrows-position-inside elementor-pagination-position-outside elementor-widget elementor-widget-image-carousel\" data-id=\"b59a3d2\" data-element_type=\"widget\" data-settings=\"{&quot;slides_to_show&quot;:&quot;2&quot;,&quot;navigation&quot;:&quot;both&quot;,&quot;autoplay&quot;:&quot;yes&quot;,&quot;pause_on_hover&quot;:&quot;yes&quot;,&quot;pause_on_interaction&quot;:&quot;yes&quot;,&quot;autoplay_speed&quot;:5000,&quot;infinite&quot;:&quot;yes&quot;,&quot;speed&quot;:500}\" data-widget_type=\"image-carousel.default\">\n\t\t\t\t<div class=\"elementor-widget-container\">\n\t\t\t\t\t\t\t<div class=\"elementor-image-carousel-wrapper swiper\" role=\"region\" aria-roledescription=\"carousel\" aria-label=\"Carrusel de im\u00e1genes\" dir=\"ltr\">\n\t\t\t<div class=\"elementor-image-carousel swiper-wrapper\" aria-live=\"off\">\n\t\t\t\t\t\t\t\t<div class=\"swiper-slide\" role=\"group\" aria-roledescription=\"slide\" aria-label=\"1 de 2\"><figure class=\"swiper-slide-inner\"><img decoding=\"async\" class=\"swiper-slide-image\" src=\"https:\/\/www.intilibperu.net.pe\/DESARROLLO02\/wp-content\/uploads\/2021\/07\/01Sin-titulo-1-300x270.jpg\" alt=\"01Sin t\u00edtulo-1\" \/><\/figure><\/div><div class=\"swiper-slide\" role=\"group\" aria-roledescription=\"slide\" aria-label=\"2 de 2\"><figure class=\"swiper-slide-inner\"><img decoding=\"async\" class=\"swiper-slide-image\" src=\"https:\/\/www.intilibperu.net.pe\/DESARROLLO02\/wp-content\/uploads\/2021\/07\/02Sin-titulo-1-300x270.jpg\" alt=\"02Sin t\u00edtulo-1\" \/><\/figure><\/div>\t\t\t<\/div>\n\t\t\t\t\t\t\t\t\t\t\t\t<div class=\"elementor-swiper-button elementor-swiper-button-prev\" role=\"button\" tabindex=\"0\">\n\t\t\t\t\t\t<i aria-hidden=\"true\" class=\"eicon-chevron-left\"><\/i>\t\t\t\t\t<\/div>\n\t\t\t\t\t<div class=\"elementor-swiper-button elementor-swiper-button-next\" role=\"button\" tabindex=\"0\">\n\t\t\t\t\t\t<i aria-hidden=\"true\" class=\"eicon-chevron-right\"><\/i>\t\t\t\t\t<\/div>\n\t\t\t\t\n\t\t\t\t\t\t\t\t\t<div class=\"swiper-pagination\"><\/div>\n\t\t\t\t\t\t\t\t\t<\/div>\n\t\t\t\t\t\t<\/div>\n\t\t\t\t<\/div>\n\t\t\t\t<div class=\"elementor-element elementor-element-b7fb3c0 elementor-arrows-position-inside elementor-pagination-position-outside elementor-widget elementor-widget-image-carousel\" data-id=\"b7fb3c0\" data-element_type=\"widget\" data-settings=\"{&quot;slides_to_show&quot;:&quot;2&quot;,&quot;navigation&quot;:&quot;both&quot;,&quot;autoplay&quot;:&quot;yes&quot;,&quot;pause_on_hover&quot;:&quot;yes&quot;,&quot;pause_on_interaction&quot;:&quot;yes&quot;,&quot;autoplay_speed&quot;:5000,&quot;infinite&quot;:&quot;yes&quot;,&quot;speed&quot;:500}\" data-widget_type=\"image-carousel.default\">\n\t\t\t\t<div class=\"elementor-widget-container\">\n\t\t\t\t\t\t\t<div class=\"elementor-image-carousel-wrapper swiper\" role=\"region\" aria-roledescription=\"carousel\" aria-label=\"Carrusel de im\u00e1genes\" dir=\"ltr\">\n\t\t\t<div class=\"elementor-image-carousel swiper-wrapper\" aria-live=\"off\">\n\t\t\t\t\t\t\t\t<div class=\"swiper-slide\" role=\"group\" aria-roledescription=\"slide\" aria-label=\"1 de 3\"><figure class=\"swiper-slide-inner\"><img decoding=\"async\" class=\"swiper-slide-image\" src=\"https:\/\/www.intilibperu.net.pe\/DESARROLLO02\/wp-content\/uploads\/2021\/07\/03Sin-titulo-1-1-300x270.jpg\" alt=\"03Sin t\u00edtulo-1\" \/><\/figure><\/div><div class=\"swiper-slide\" role=\"group\" aria-roledescription=\"slide\" aria-label=\"2 de 3\"><figure class=\"swiper-slide-inner\"><img decoding=\"async\" class=\"swiper-slide-image\" src=\"https:\/\/www.intilibperu.net.pe\/DESARROLLO02\/wp-content\/uploads\/2021\/07\/04Sin-titulo-1-300x270.jpg\" alt=\"04Sin t\u00edtulo-1\" \/><\/figure><\/div><div class=\"swiper-slide\" role=\"group\" aria-roledescription=\"slide\" aria-label=\"3 de 3\"><figure class=\"swiper-slide-inner\"><img decoding=\"async\" class=\"swiper-slide-image\" src=\"https:\/\/www.intilibperu.net.pe\/DESARROLLO02\/wp-content\/uploads\/2021\/07\/05Sin-titulo-1-300x270.jpg\" alt=\"05Sin t\u00edtulo-1\" \/><\/figure><\/div>\t\t\t<\/div>\n\t\t\t\t\t\t\t\t\t\t\t\t<div class=\"elementor-swiper-button elementor-swiper-button-prev\" role=\"button\" tabindex=\"0\">\n\t\t\t\t\t\t<i aria-hidden=\"true\" class=\"eicon-chevron-left\"><\/i>\t\t\t\t\t<\/div>\n\t\t\t\t\t<div class=\"elementor-swiper-button elementor-swiper-button-next\" role=\"button\" tabindex=\"0\">\n\t\t\t\t\t\t<i aria-hidden=\"true\" class=\"eicon-chevron-right\"><\/i>\t\t\t\t\t<\/div>\n\t\t\t\t\n\t\t\t\t\t\t\t\t\t<div class=\"swiper-pagination\"><\/div>\n\t\t\t\t\t\t\t\t\t<\/div>\n\t\t\t\t\t\t<\/div>\n\t\t\t\t<\/div>\n\t\t\t\t\t<\/div>\n\t\t<\/div>\n\t\t\t\t\t<\/div>\n\t\t<\/section>\n\t\t\t\t<\/div>\n\t\t","protected":false},"excerpt":{"rendered":"<p>Despachos TRANSPORTE GRATUITO A SUS ALMACENES, nuestras rutas de reparto inteligente dentro de Lima Metropolitana y el Callao, nos permite que la distribuci\u00f3n de nuestros Productos , se realicen ordenadamente seg\u00fan sus ordenes de pedido logrando que estos llegue en el plazo estimado seg\u00fan lo coordinado, para la satisfacci\u00f3n del nuestros clientes. Algunos de Nuestros [&hellip;]<\/p>\n","protected":false},"author":1,"featured_media":0,"parent":0,"menu_order":0,"comment_status":"closed","ping_status":"closed","template":"","meta":{"ocean_post_layout":"full-screen","ocean_both_sidebars_style":"","ocean_both_sidebars_content_width":0,"ocean_both_sidebars_sidebars_width":0,"ocean_sidebar":"0","ocean_second_sidebar":"0","ocean_disable_margins":"on","ocean_add_body_class":"","ocean_shortcode_before_top_bar":"","ocean_shortcode_after_top_bar":"","ocean_shortcode_before_header":"","ocean_shortcode_after_header":"","ocean_has_shortcode":"","ocean_shortcode_after_title":"","ocean_shortcode_before_footer_widgets":"","ocean_shortcode_after_footer_widgets":"","ocean_shortcode_before_footer_bottom":"","ocean_shortcode_after_footer_bottom":"","ocean_display_top_bar":"default","ocean_display_header":"default","ocean_header_style":"","ocean_center_header_left_menu":"0","ocean_custom_header_template":"0","ocean_custom_logo":0,"ocean_custom_retina_logo":0,"ocean_custom_logo_max_width":0,"ocean_custom_logo_tablet_max_width":0,"ocean_custom_logo_mobile_max_width":0,"ocean_custom_logo_max_height":0,"ocean_custom_logo_tablet_max_height":0,"ocean_custom_logo_mobile_max_height":0,"ocean_header_custom_menu":"0","ocean_menu_typo_font_family":"0","ocean_menu_typo_font_subset":"","ocean_menu_typo_font_size":0,"ocean_menu_typo_font_size_tablet":0,"ocean_menu_typo_font_size_mobile":0,"ocean_menu_typo_font_size_unit":"px","ocean_menu_typo_font_weight":"","ocean_menu_typo_font_weight_tablet":"","ocean_menu_typo_font_weight_mobile":"","ocean_menu_typo_transform":"","ocean_menu_typo_transform_tablet":"","ocean_menu_typo_transform_mobile":"","ocean_menu_typo_line_height":0,"ocean_menu_typo_line_height_tablet":0,"ocean_menu_typo_line_height_mobile":0,"ocean_menu_typo_line_height_unit":"","ocean_menu_typo_spacing":0,"ocean_menu_typo_spacing_tablet":0,"ocean_menu_typo_spacing_mobile":0,"ocean_menu_typo_spacing_unit":"","ocean_menu_link_color":"","ocean_menu_link_color_hover":"","ocean_menu_link_color_active":"","ocean_menu_link_background":"","ocean_menu_link_hover_background":"","ocean_menu_link_active_background":"","ocean_menu_social_links_bg":"","ocean_menu_social_hover_links_bg":"","ocean_menu_social_links_color":"","ocean_menu_social_hover_links_color":"","ocean_disable_title":"default","ocean_disable_heading":"default","ocean_post_title":"","ocean_post_subheading":"","ocean_post_title_style":"","ocean_post_title_background_color":"","ocean_post_title_background":0,"ocean_post_title_bg_image_position":"","ocean_post_title_bg_image_attachment":"","ocean_post_title_bg_image_repeat":"","ocean_post_title_bg_image_size":"","ocean_post_title_height":0,"ocean_post_title_bg_overlay":0.5,"ocean_post_title_bg_overlay_color":"","ocean_disable_breadcrumbs":"default","ocean_breadcrumbs_color":"","ocean_breadcrumbs_separator_color":"","ocean_breadcrumbs_links_color":"","ocean_breadcrumbs_links_hover_color":"","ocean_display_footer_widgets":"default","ocean_display_footer_bottom":"default","ocean_custom_footer_template":"0","osh_disable_topbar_sticky":"default","osh_disable_header_sticky":"default","osh_sticky_header_style":"default","osh_sticky_header_effect":"","osh_custom_sticky_logo":0,"osh_custom_retina_sticky_logo":0,"osh_custom_sticky_logo_height":0,"osh_background_color":"","osh_links_color":"","osh_links_hover_color":"","osh_links_active_color":"","osh_links_bg_color":"","osh_links_hover_bg_color":"","osh_links_active_bg_color":"","osh_menu_social_links_color":"","osh_menu_social_hover_links_color":"","footnotes":""},"class_list":["post-321","page","type-page","status-publish","hentry","entry","owp-thumbs-layout-horizontal","owp-btn-normal","owp-tabs-layout-horizontal","has-no-thumbnails","has-product-nav"],"_links":{"self":[{"href":"https:\/\/www.intilibperu.net.pe\/DESARROLLO02\/wp-json\/wp\/v2\/pages\/321","targetHints":{"allow":["GET"]}}],"collection":[{"href":"https:\/\/www.intilibperu.net.pe\/DESARROLLO02\/wp-json\/wp\/v2\/pages"}],"about":[{"href":"https:\/\/www.intilibperu.net.pe\/DESARROLLO02\/wp-json\/wp\/v2\/types\/page"}],"author":[{"embeddable":true,"href":"https:\/\/www.intilibperu.net.pe\/DESARROLLO02\/wp-json\/wp\/v2\/users\/1"}],"replies":[{"embeddable":true,"href":"https:\/\/www.intilibperu.net.pe\/DESARROLLO02\/wp-json\/wp\/v2\/comments?post=321"}],"version-history":[{"count":151,"href":"https:\/\/www.intilibperu.net.pe\/DESARROLLO02\/wp-json\/wp\/v2\/pages\/321\/revisions"}],"predecessor-version":[{"id":1768,"href":"https:\/\/www.intilibperu.net.pe\/DESARROLLO02\/wp-json\/wp\/v2\/pages\/321\/revisions\/1768"}],"wp:attachment":[{"href":"https:\/\/www.intilibperu.net.pe\/DESARROLLO02\/wp-json\/wp\/v2\/media?parent=321"}],"curies":[{"name":"wp","href":"https:\/\/api.w.org\/{rel}","templated":true}]}}